{"id":12,"date":"2016-01-11T00:52:58","date_gmt":"2016-01-11T00:52:58","guid":{"rendered":"http:\/\/kozempel.cz\/?page_id=12"},"modified":"2016-05-23T22:26:16","modified_gmt":"2016-05-23T22:26:16","slug":"galerie","status":"publish","type":"page","link":"https:\/\/kozempel.cz\/en\/galerie\/","title":{"rendered":"Images from our lab"},"content":{"rendered":"<p><div class=\"row\" data-cols=\"1\"><div class=\"column\" data-col=\"1\">[foogallery id=&#8221;35&#8243;]<\/p>\n<\/div><!--.column[data-col=\"1\"]--><\/div><!--.row[data-cols=\"1\"]--><p><\/p>","protected":false},"excerpt":{"rendered":"<p>[foogallery id=&#8221;35&#8243;]<\/p>\n<p> <a class=\"continue-reading-link\" href=\"https:\/\/kozempel.cz\/en\/galerie\/\"><span>Pokra\u010dovat ve \u010dten\u00ed<\/span><i class=\"crycon-right-dir\"><\/i><\/a> <\/p>\n","protected":false},"author":3,"featured_media":0,"parent":0,"menu_order":0,"comment_status":"closed","ping_status":"closed","template":"","meta":[],"_links":{"self":[{"href":"https:\/\/kozempel.cz\/en\/wp-json\/wp\/v2\/pages\/12"}],"collection":[{"href":"https:\/\/kozempel.cz\/en\/wp-json\/wp\/v2\/pages"}],"about":[{"href":"https:\/\/kozempel.cz\/en\/wp-json\/wp\/v2\/types\/page"}],"author":[{"embeddable":true,"href":"https:\/\/kozempel.cz\/en\/wp-json\/wp\/v2\/users\/3"}],"replies":[{"embeddable":true,"href":"https:\/\/kozempel.cz\/en\/wp-json\/wp\/v2\/comments?post=12"}],"version-history":[{"count":11,"href":"https:\/\/kozempel.cz\/en\/wp-json\/wp\/v2\/pages\/12\/revisions"}],"predecessor-version":[{"id":500,"href":"https:\/\/kozempel.cz\/en\/wp-json\/wp\/v2\/pages\/12\/revisions\/500"}],"wp:attachment":[{"href":"https:\/\/kozempel.cz\/en\/wp-json\/wp\/v2\/media?parent=12"}],"curies":[{"name":"wp","href":"https:\/\/api.w.org\/{rel}","templated":true}]}}