{"id":236,"date":"2016-02-16T13:38:52","date_gmt":"2016-02-16T13:38:52","guid":{"rendered":"http:\/\/kozempel.cz\/?page_id=236"},"modified":"2016-02-23T17:18:11","modified_gmt":"2016-02-23T17:18:11","slug":"vyuka","status":"publish","type":"page","link":"https:\/\/kozempel.cz\/en\/vyuka\/","title":{"rendered":"(\u010cESKY) V\u00fduka"},"content":{"rendered":"<p><div class=\"row\" data-cols=\"1\"><div class=\"column\" data-col=\"1\"><\/p>\n<table style=\"height: 505px;\" width=\"825\">\n<tbody>\n<tr>\n<td width=\"95\"><strong>K\u00f3d<\/strong><\/td>\n<td width=\"269\"><strong>P\u0159edm\u011bt<\/strong><\/td>\n<td width=\"188\"><strong>U\u010ditel<\/strong><\/td>\n<td width=\"98\"><strong>zim. sem.<\/strong><\/td>\n<td width=\"90\"><strong>let. sem.<\/strong><\/td>\n<td width=\"39\"><strong>kr.<\/strong><\/td>\n<\/tr>\n<tr>\n<td width=\"95\">15ORC1<\/td>\n<td width=\"269\">Organick\u00e1 chemie 1<\/td>\n<td width=\"188\">Kozempel, Smr\u010dek<\/td>\n<td width=\"98\">&#8211;<\/td>\n<td width=\"90\">2+2 z,zk<\/td>\n<td width=\"39\">4<\/td>\n<\/tr>\n<tr>\n<td width=\"95\">15ORC2<\/td>\n<td width=\"269\">Organick\u00e1 chemie 2<\/td>\n<td width=\"188\">Kozempel, Smr\u010dek<\/td>\n<td width=\"98\">2+2 z, zk<\/td>\n<td width=\"90\">&#8211;<\/td>\n<td width=\"39\">4<\/td>\n<\/tr>\n<tr>\n<td width=\"95\">15PRMB<\/td>\n<td width=\"269\">Praktikum z radia\u010dn\u00edch metod v biologii a medic\u00edn\u011b<\/td>\n<td width=\"188\">Kozempel, Vlk<\/td>\n<td width=\"98\">&#8211;<\/td>\n<td width=\"90\">0+4 kz<\/td>\n<td width=\"39\">4<\/td>\n<\/tr>\n<tr>\n<td width=\"95\">15RFM2<\/td>\n<td width=\"269\">Radiofarmaka 2<\/td>\n<td width=\"188\">Kozempel, Mo\u0161a, Vlk<\/td>\n<td width=\"98\">2+0 zk<\/td>\n<td width=\"90\">&#8211;<\/td>\n<td width=\"39\">2<\/td>\n<\/tr>\n<tr>\n<td width=\"95\">15TRF<\/td>\n<td width=\"269\">Technologie radiofarmak<\/td>\n<td width=\"188\">Kozempel, Vlk<\/td>\n<td width=\"98\">2+0 zk<\/td>\n<td width=\"90\">&#8211;<\/td>\n<td width=\"39\">2<\/td>\n<\/tr>\n<tr>\n<td width=\"95\">15TOX<\/td>\n<td width=\"269\">Toxikologie<\/td>\n<td width=\"188\">Vlk, Kozempel<\/td>\n<td width=\"98\">2+0 zk<\/td>\n<td width=\"90\">&#8211;<\/td>\n<td width=\"39\">2<\/td>\n<\/tr>\n<tr>\n<td width=\"95\">15ISY<\/td>\n<td width=\"269\">Izotopov\u00e9 synt\u00e9zy<\/td>\n<td width=\"188\">Kozempel, Vlk<\/td>\n<td width=\"98\">&#8211;<\/td>\n<td width=\"90\">2+0 zk<\/td>\n<td width=\"39\">2<\/td>\n<\/tr>\n<tr>\n<td width=\"95\">15STA1<\/td>\n<td width=\"269\">Strukturn\u00ed anal\u00fdza 1<\/td>\n<td width=\"188\">Vlk, Kozempel<\/td>\n<td width=\"98\">&#8211;<\/td>\n<td width=\"90\">2+0 zk<\/td>\n<td width=\"39\">2<\/td>\n<\/tr>\n<tr>\n<td width=\"95\">15STA2<\/td>\n<td width=\"269\">Strukturn\u00ed anal\u00fdza 2<\/td>\n<td width=\"188\">Vlk, Kozempel<\/td>\n<td width=\"98\">\u00a0 2+0 zk<\/td>\n<td width=\"90\">&#8211;<\/td>\n<td width=\"39\">2<\/td>\n<\/tr>\n<tr>\n<td width=\"95\"><\/td>\n<td width=\"269\">Kurz pro radia\u010dn\u00ed pracovn\u00edky<\/td>\n<td width=\"188\">Kozempel<\/td>\n<td width=\"98\">zk<\/td>\n<td width=\"90\"><\/td>\n<td width=\"39\"><\/td>\n<\/tr>\n<\/tbody>\n<\/table>\n<p>&nbsp;<\/p>\n<p>&nbsp;<\/p>\n<p>&nbsp;<\/p>\n<p>&nbsp;<\/p>\n<\/div><!--.column[data-col=\"1\"]--><\/div><!--.row[data-cols=\"1\"]--><p><\/p>","protected":false},"excerpt":{"rendered":"<p>K\u00f3d P\u0159edm\u011bt U\u010ditel zim. sem. let. sem. kr. 15ORC1 Organick\u00e1 chemie 1 Kozempel, Smr\u010dek &#8211; 2+2 z,zk 4 15ORC2 Organick\u00e1 chemie 2 Kozempel, Smr\u010dek 2+2 z, zk &#8211; 4 15PRMB Praktikum z radia\u010dn\u00edch metod v biologii a medic\u00edn\u011b Kozempel, Vlk &#8211; 0+4 kz 4 15RFM2 Radiofarmaka 2 Kozempel, Mo\u0161a, Vlk\u2026<\/p>\n<p> <a class=\"continue-reading-link\" href=\"https:\/\/kozempel.cz\/en\/vyuka\/\"><span>Pokra\u010dovat ve \u010dten\u00ed<\/span><i class=\"crycon-right-dir\"><\/i><\/a> <\/p>\n","protected":false},"author":3,"featured_media":0,"parent":0,"menu_order":0,"comment_status":"closed","ping_status":"closed","template":"","meta":[],"_links":{"self":[{"href":"https:\/\/kozempel.cz\/en\/wp-json\/wp\/v2\/pages\/236"}],"collection":[{"href":"https:\/\/kozempel.cz\/en\/wp-json\/wp\/v2\/pages"}],"about":[{"href":"https:\/\/kozempel.cz\/en\/wp-json\/wp\/v2\/types\/page"}],"author":[{"embeddable":true,"href":"https:\/\/kozempel.cz\/en\/wp-json\/wp\/v2\/users\/3"}],"replies":[{"embeddable":true,"href":"https:\/\/kozempel.cz\/en\/wp-json\/wp\/v2\/comments?post=236"}],"version-history":[{"count":26,"href":"https:\/\/kozempel.cz\/en\/wp-json\/wp\/v2\/pages\/236\/revisions"}],"predecessor-version":[{"id":337,"href":"https:\/\/kozempel.cz\/en\/wp-json\/wp\/v2\/pages\/236\/revisions\/337"}],"wp:attachment":[{"href":"https:\/\/kozempel.cz\/en\/wp-json\/wp\/v2\/media?parent=236"}],"curies":[{"name":"wp","href":"https:\/\/api.w.org\/{rel}","templated":true}]}}