{"id":268,"date":"2016-02-17T14:29:34","date_gmt":"2016-02-17T14:29:34","guid":{"rendered":"http:\/\/kozempel.cz\/?page_id=268"},"modified":"2026-02-09T18:03:41","modified_gmt":"2026-02-09T17:03:41","slug":"publikace","status":"publish","type":"page","link":"https:\/\/kozempel.cz\/en\/publikace\/","title":{"rendered":"Publications"},"content":{"rendered":"<p><div class=\"row\" data-cols=\"1\">\n\n\n\n\n\n\n\n\n\n\n\n\n\n\n\n\n\n\n\n\n\n\n\n\n\n<div class=\"column\" data-col=\"1\"><strong>2020<\/strong><\/p>\n\n\n\n<ol>\n<li><a href=\"https:\/\/dx.doi.org\/10.1039\/c9ra08953e\">Such\u00e1nkov\u00e1, P.; Kukleva, E.; \u0160tamberg, K.; Nykl, P.; Vlk, M.; Kozempel, J.&nbsp;Study of 223Ra uptake mechanism on hydroxyapatite and titanium dioxide nanoparticles as a function of pH.&nbsp;RSC Advances. 2020, 10(7), 3659-3666. ISSN 2046-2069.<\/a><\/li>\n\n\n\n<li><a href=\"https:\/\/dx.doi.org\/10.3390\/ma13081915\">Such\u00e1nkov\u00e1, P.; Kukleva, E.; \u0160tamberg, K.; Nykl, P.; Sakm\u00e1r, M.; Vlk, M.; Kozempel, J.Determination, Modeling and Evaluation of Kinetics of 223Ra Sorption on Hydroxyapatite and Titanium Dioxide Nanoparticles. Materials. 2020, 13(8), 1-9. ISSN 1996-1944.<\/a><\/li>\n\n\n\n<li><a href=\"https:\/\/dx.doi.org\/10.1134\/S0036024420060175\">Mirzaev, N.A.; Marinova, A.P.; Mammadov, Kh.F.; Temerbulatova, N.T.; Kozempel, J.; Filosofov, D.V. Sorption of Metal Ions on an Anion-Exchange Resin in an Ammonium Acetate Solution. Russian Journal of Physical Chemistry. 2020, 94(6), 1190-1194. ISSN 0036-0244.<\/a><\/li>\n\n\n\n<li><a href=\"https:\/\/dx.doi.org\/10.3390\/nano10091632\">Such\u00e1nkov\u00e1, P.; Kukleva, E.; Nykl, E.; Nykl, P.; Sakm\u00e1r, M.; Vlk, M.; Kozempel, J.&nbsp;Hydroxyapatite and Titanium Dioxide Nanoparticles: Radiolabelling and In Vitro Stability of Prospective Theranostic Nanocarriers for 223Ra and 99mTc. Nanomaterials. 2020, 10(9), 1-12. ISSN 2079-4991.<\/a><\/li>\n\n\n\n<li><a href=\"https:\/\/dx.doi.org\/10.3390\/nano10091690\">Nov\u00fd, Z.; Lobaz, V.; Vlk, M.; Kozempel, J.; \u0160t\u011bp\u00e1nek, P.; Popper, M.; Vrbkov\u00e1, J.; Hajd\u00fach, M. et al. Head-To-Head Comparison of Biological Behavior of Biocompatible Polymers Poly(Ethylene Oxide), Poly(2-Ethyl-2-Oxazoline) and Poly[N-(2-Hydroxypropyl)Methacrylamide] as Coating Materials for Hydroxyapatite Nanoparticles in Animal Solid Tumor Model.&nbsp;Nanomaterials. 2020, 10(9), ISSN 2079-4991.<\/a><\/li>\n<\/ol>\n\n\n\n<p><strong>2019<\/strong><\/p>\n\n\n\n<ol>\n<li>\n<p style=\"text-align: justify;\"><a href=\"https:\/\/dx.doi.org\/10.1016\/j.colsurfb.2019.03.057\">Lobaz, V.; Konefal, R.; P\u00e1nek, J.; Vlk, M.; Kozempel, J.; Pet\u0159\u00edk, M.; Nov\u00fd, Z.; Gursk\u00e1, S. et al. In Situ In Vivo radiolabeling of polymer-coated hydroxyapatite nanoparticles to track their biodistribution in mice.&nbsp;Colloids and Surfaces B: Biointerfaces. 2019, 179 143-152. ISSN 0927-7765.<\/a><\/p>\n<\/li>\n\n\n\n<li><a href=\"https:\/\/dx.doi.org\/10.1039\/c9ra03698a\">Kukleva, E.; Such\u00e1nkov\u00e1, P.; \u0160tamberg, K.; Vlk, M.; \u0160louf, M.; Kozempel, J.&nbsp;Surface protolytic property characterization of hydroxyapatite and titanium dioxide nanoparticles. <em>RSC Advances<\/em>. 2019, 9 21989-21995. ISSN 2046-2069.<\/a><\/li>\n<\/ol>\n\n\n\n<p><strong>2018<\/strong><\/p>\n\n\n\n<ol>\n<li>\n<p style=\"text-align: justify;\"><a href=\"http:\/\/dx.doi.org\/10.1007\/s10967-018-5730-7\">Baimukhanova, A.; Radchenko, V.; Kozempel, J.; Marinova, A.; Brown, V.; Karandashev, V.; Karaivanov, D.; Schaffer, P. et al.&nbsp;Utilization of (p, 4n) reaction for 86Zr production with medium energy protons and development of a 86Zr \u2192 86Y radionuclide generator. <em>Journal of Radioanalytical and Nuclear Chemistry<\/em>. 2018, 316(1), 191-199. ISSN 0236-5731.<\/a><\/p>\n<\/li>\n\n\n\n<li>\n<p style=\"text-align: justify;\"><a href=\"http:\/\/dx.doi.org\/10.3390\/molecules23030581\">Kozempel, J.; Mokhodoeva, O.; Vlk, M.&nbsp;Progress in Targeted Alpha-Particle Therapy. What We Learned about Recoils Release from In Vivo Generators. <em>Molecules<\/em>&nbsp;2018, 23(3), ISSN 1420-3049.<\/a><\/p>\n<\/li>\n<\/ol>\n\n\n\n<p><strong>2017<\/strong><\/p>\n\n\n\n<ol>\n<li><a href=\"http:\/\/dx.doi.org\/10.5772\/intechopen.69901\">Kozempel, J.&nbsp;Radon Nuclides and Radon Generators&nbsp;In: Radon. Rijeka: InTech, 2017. pp. 7-23. ISBN 978-953-51-3656-9.<\/a><\/li>\n\n\n\n<li><a href=\"http:\/\/dx.doi.org\/10.1080\/17435390.2017.1306892\">Kreyling, W.; Holzwarth, U.; Haberl, N.; Kozempel, J.; Hirn, S.; Wenk, A.; Schleh, C.; Sch\u00e4ffler, M. et al.&nbsp;Quantitative biokinetics of titanium dioxide nanoparticles after intravenous injection in rats (Part 1)&nbsp;Nanotoxicology. 2017, 11(4), 434-442. ISSN 1743-5390.<\/a><\/li>\n\n\n\n<li><a href=\"http:\/\/dx.doi.org\/10.1080\/17435390.2017.1306893\">Kreyling, W.G.; Holzwarth, U.; Schleh, C.; Kozempel, J.; Wenk, A.; Haberl, N.; Hirn, S.; Sch\u00e4ffler, M. et al.&nbsp;Quantitative biokinetics of titanium dioxide nanoparticles after oral application in rats (Part 2)&nbsp; Nanotoxicology. 2017, 11(4), 443-453. ISSN 1743-5390.<\/a><\/li>\n\n\n\n<li>\n<p style=\"text-align: justify;\"><a href=\"http:\/\/dx.doi.org\/10.1080\/17435390.2017.1306894\">Kreyling, W.G.; Holzwarth, U.; Haberl, N.; Kozempel, J.; Wenk, A.; Hirn, S.; Schleh, C.; Sch\u00e4ffer, M. et al.&nbsp;Quantitative biokinetics of titanium dioxide nanoparticles after intratracheal instillation in rats (Part 3)&nbsp;Nanotoxicology. 2017, 11(4), 454-464. ISSN 1743-5390.<\/a><\/p>\n<\/li>\n\n\n\n<li>\n<p style=\"text-align: justify;\"><a href=\"http:\/\/dx.doi.org\/10.15224\/978-1-63248-114-6-27\">Smr\u010dek, S; Krmelov\u00e1, T; P\u0161ondrov\u00e1, \u0160.; Nykl, P.; Kozempel, J.; Vlk, M.&nbsp;Environmental Aspects of Radiopharmaceuticals: Extraction and Translocation of Ra-223 in Plants&nbsp;International Journal of Environmental Engineering. 2017, 4(1), 50-53. ISSN 2374-1724.<\/a><\/p>\n<\/li>\n<\/ol>\n\n\n\n<p><strong>2016<\/strong><\/p>\n\n\n\n<ol>\n<li>\n<p style=\"text-align: justify;\"><a href=\"http:\/\/www.dx.doi.org\/10.1007\/s11051-016-3615-7\" target=\"_blank\" rel=\"noopener\">Mokhodoeva, O. &#8211; Vlk, M. &#8211; M\u00e1lkov\u00e1, E. &#8211; Kukleva, E. &#8211; Mi\u010dolov\u00e1, P. &#8211; \u0160tamberg, K. &#8211; \u0160louf, M. &#8211; Dzhenloda, R. &#8211; Kozempel, J.: Study of 223Ra uptake mechanism by Fe3O4 nanoparticles: towards new prospective theranostic SPIONs.&nbsp;<em>Journal of Nanoparticle Research.&nbsp;<\/em>2016, 18, &nbsp;Art. No.: 301, p. 1-12.&nbsp;ISSN&nbsp;1388-0764.<\/a><\/p>\n<\/li>\n\n\n\n<li>\n<p style=\"text-align: justify;\"><a href=\"http:\/\/www.panstanford.com\/books\/9789814669085.html\">Holzwarth, U. &#8211; Gibson, N. &#8211; Dalmiglio, M. &#8211; Kozempel, J.: 7-Beryllium-Recoil Labelling of Nanoparticles. In Isotopes in Nanoparticles &#8211; Fundamentals and Applications. Singapur: Pan Stanford Publishing Pte. Ltd., 2016, p. 335-360. ISBN 9789814669085.<\/a><\/p>\n<\/li>\n\n\n\n<li>\n<p style=\"text-align: justify;\"><a href=\"http:\/\/link.springer.com\/article\/10.1007\/s10967-015-4479-5\">Vlk, M. &#8211; Mi\u010dolov\u00e1, P. &#8211; Urban, M. &#8211; Kvasnica, M. &#8211; \u0160aman, D. &#8211; et al.: 15N-labelled pyrazines of triterpenic acids. <em>Journal of Radioanalytical and Nuclear Chemistry<\/em>. 2016, vol. 308, no.2, p. 733-739. ISSN 0236-5731.<\/a><\/p>\n<\/li>\n\n\n\n<li>\n<p style=\"text-align: justify;\"><a href=\"http:\/\/www.prolekare.cz\/nuklearni-medicina-clanek\/priprava-223ra-a-99mtc-znacenych-hydroxyapatitu-a-jejich-in-vitro-stabilita-57752\">Mi\u010dolov\u00e1, P. &#8211;&nbsp;Vlk, M. &#8211; M\u00e1lkov\u00e1, E. &#8211; Bajz\u00edkov\u00e1, A. &#8211; Kozempel, J.: P\u0159\u00edprava 223Ra a 99mTc zna\u010den\u00fdch hydroxyapatit\u016f a jejich in vitro stabilita. <em>Nukle\u00e1rn\u00ed medic\u00edna.<\/em> 2016, 5(1), p. 4-9. ISSN 1805-1146.<\/a><\/p>\n<\/li>\n\n\n\n<li><a href=\"http:\/\/www.prolekare.cz\/nuklearni-medicina-archiv-cisel\">Bajz\u00edkov\u00e1, A. &#8211; Kozempel, J. &#8211; Vlk, M. &#8211; Kukleva, E. &#8211; Mi\u010dolov\u00e1, P.: Kontrola kvality elu\u00e1tu 223Ra. <em>Nuklern\u00ed Medic\u00edna<\/em>. 2016, 5(2), p. 22-26, ISSN:1805-1146.<\/a><\/li>\n<\/ol>\n\n\n\n<p><strong>2015<\/strong><\/p>\n\n\n\n<ol>\n<li>\n<p style=\"text-align: justify;\"><a href=\"http:\/\/www.tecnicall.cz\/clanek\/2015-03-onkologie\" target=\"_blank\" rel=\"noopener\">Kozempel,&nbsp;J.: Terapie onkologick\u00fdch onemocn\u011bn\u00ed.. <i>TecniCall<\/i>. 2015, ro\u010d.&nbsp;3, s.&nbsp;14-15. ISSN&nbsp;1805-1030.<\/a><\/p>\n<\/li>\n\n\n\n<li>\n<p style=\"text-align: justify;\"><a href=\"http:\/\/dx.doi.org\/10.1007\/s10967-014-3615-y\" target=\"_blank\" rel=\"noopener\">Kozempel,&nbsp;J. &#8211; Vlk,&nbsp;M. &#8211; M\u00e1lkov\u00e1,&nbsp;E. &#8211; Bajz\u00edkov\u00e1,&nbsp;A. &#8211; B\u00e1rta,&nbsp;J. &#8211; et&nbsp;al.: Prospective carriers of 223Ra for targeted alpha particle therapy. <i>Journal of Radioanalytical and Nuclear Chemistry<\/i>. 2015, vol.&nbsp;304, no.&nbsp;1, p.&nbsp;443-447. ISSN&nbsp;0236-5731.<\/a><\/p>\n<\/li>\n\n\n\n<li>\n<p style=\"text-align: justify;\"><a href=\"http:\/\/dx.doi.org\/10.1007\/s10967-014-3432-3\" target=\"_blank\" rel=\"noopener\">Kukleva,&nbsp;E. &#8211; Kozempel,&nbsp;J. &#8211; Vlk,&nbsp;M. &#8211; Mi\u010dolov\u00e1,&nbsp;P. &#8211; Vop\u00e1lka,&nbsp;D.: Preparation of 227Ac\/223Ra by neutron irradiation of 226Ra. <i>Journal of Radioanalytical and Nuclear Chemistry<\/i>. 2015, vol.&nbsp;304, no.&nbsp;1, p.&nbsp;263-266. ISSN&nbsp;0236-5731.<\/a><\/p>\n<\/li>\n\n\n\n<li>\n<p style=\"text-align: justify;\"><a href=\"http:\/\/dx.doi.org\/10.1007\/s00411-015-0605-6\" target=\"_blank\" rel=\"noopener\">Vy\u0161\u00edn,&nbsp;L. &#8211; Pachnerov\u00e1,&nbsp;K. &#8211; \u0160t\u011bp\u00e1n,&nbsp;V. &#8211; Moretto-Capelle,&nbsp;P. &#8211; Bugler,&nbsp;B. &#8211; et&nbsp;al.: Proton-induced direct and indirect damage of plasmid DNA. <i>Radiation and Environmental Biophysics<\/i>. 2015, vol.&nbsp;54, no.&nbsp;3, p.&nbsp;343-352. ISSN&nbsp;0301-634X.<\/a><\/p>\n<\/li>\n\n\n\n<li>\n<p style=\"text-align: justify;\"><a href=\"http:\/\/dx.doi.org\/10.1007\/s10967-014-3433-2\" target=\"_blank\" rel=\"noopener\">Kozempel,&nbsp;J. &#8211; Vlk,&nbsp;M. &#8211; Florianov\u00e1,&nbsp;M. &#8211; Drtinov\u00e1,&nbsp;B. &#8211; N\u011bmec,&nbsp;M.: Dissolution of [226Ra]BaSO4 as part of a method for recovery of 226Ra from aged radium sources. <i>Journal of Radioanalytical and Nuclear Chemistry<\/i>. 2015, vol.&nbsp;304, no.&nbsp;1, p.&nbsp;337-342. ISSN&nbsp;0236-5731.<\/a><\/p>\n<\/li>\n\n\n\n<li>\n<p style=\"text-align: justify;\"><a href=\"http:\/\/dx.doi.org\/10.17229\/jdit.2015-0518-018\" target=\"_blank\" rel=\"noopener\">Santos do Carmo,&nbsp;F. &#8211; Rocha Pinto,&nbsp;S. &#8211; Cam\u00f5es Orlando,&nbsp;M M &#8211; Albernaz,&nbsp;M de S &#8211; Junqueira,&nbsp;M de S &#8211; et&nbsp;al.: Nano-Aptamer for Breast Cancer Imaging: Initial Considerations.. <i>Journal of Diagnostic Imaging in Therapy<\/i>. 2015, vol.&nbsp;2, no.&nbsp;2, p.&nbsp;41-49. ISSN&nbsp;2057-3782.<\/a><\/p>\n<\/li>\n\n\n\n<li>\n<p style=\"text-align: justify;\"><a href=\"http:\/\/dx.doi.org\/10.1007\/s10967-014-3544-9\" target=\"_blank\" rel=\"noopener\">\u0160\u0165astn\u00e1,&nbsp;K. &#8211; John,&nbsp;J. &#8211; \u0160ebesta,&nbsp;F. &#8211; Vlk,&nbsp;M.: Separation of curium from americium using composite sorbents and complexing agent solutions. <i>Journal of Radioanalytical and Nuclear Chemistry<\/i>. 2015, vol.&nbsp;304, no.&nbsp;1, p.&nbsp;349-355. ISSN&nbsp;0236-5731.<\/a><\/p>\n<\/li>\n\n\n\n<li>\n<p style=\"text-align: justify;\"><a>Bajz\u00edkov\u00e1,&nbsp;A. &#8211; Smr\u010dek,&nbsp;S. &#8211; Kozempel,&nbsp;J. &#8211; Vlk,&nbsp;M. &#8211; B\u00e1rta,&nbsp;J.: P\u0159\u00edprava por\u00e9zn\u00edch materi\u00e1l\u016f pro z\u00e1chyt radionuklid\u016f. <i>Bezpe\u010dnost jadern\u00e9 energie<\/i>. 2015, ro\u010d.&nbsp;23, \u010d.&nbsp;61, s.&nbsp;355-359. ISSN&nbsp;1210-7085.<\/a><\/p>\n<\/li>\n\n\n\n<li>\n<p style=\"text-align: justify;\"><a href=\"http:\/\/dx.doi.org\/10.1016\/j.ejmech.2015.03.068\" target=\"_blank\" rel=\"noopener\">Borkov\u00e1,&nbsp;L. &#8211; Jasikova,&nbsp;L. &#8211; Rehulka,&nbsp;J. &#8211; Frisonsova,&nbsp;K. &#8211; Urban,&nbsp;M. &#8211; et&nbsp;al.: Synthesis of Cytotoxic 2,2-Difluoroderivatives of Dihydrobetulinic Acid and Allobetulin and Study of their Impact on Cancer Cells.. <i>European Journal of Medicinal Chemistry<\/i>. 2015, vol.&nbsp;96, p.&nbsp;482-490. ISSN&nbsp;0223-5234.<\/a><\/p>\n<\/li>\n<\/ol>\n\n\n\n<p><strong>2014<\/strong><\/p>\n\n\n\n<ol>\n<li>\n<p style=\"text-align: justify;\"><a href=\"http:\/\/dx.doi.org\/10.2174\/1877912305666150102000549\" target=\"_blank\" rel=\"noopener\">Holzwarth,&nbsp;Uwe &#8211; Bellido,&nbsp;Elena &#8211; Dalmiglio,&nbsp;Matteo &#8211; Kozempel,&nbsp;J. &#8211; Cotogno,&nbsp;Giulio &#8211; et&nbsp;al.: 7Be-recoil radiolabelling of industrially manufactured silica nanoparticles. <i>Journal of Nanoparticle Research<\/i>. 2014, vol.&nbsp;16, no.&nbsp;9, art.&nbsp;no.&nbsp;2574, p.&nbsp;1-15. ISSN&nbsp;1388-0764.<\/a><\/p>\n<\/li>\n\n\n\n<li>\n<p style=\"text-align: justify;\"><a href=\"http:\/\/dx.doi.org\/10.2174\/1877912305666150102000549\" target=\"_blank\" rel=\"noopener\">Kozempel,&nbsp;J. &#8211; Vlk,&nbsp;M.: Nanoconstructs in Targeted Alpha-Therapy. <i>Recent Patents on Nanomedicine<\/i>. 2014, vol.&nbsp;4, no.&nbsp;2, p.&nbsp;71-76. ISSN&nbsp;1877-9123.<\/a><\/p>\n<\/li>\n<\/ol>\n\n\n\n<p><strong>2013<\/strong><\/p>\n\n\n\n<ol>\n<li>\n<p style=\"text-align: justify;\"><a href=\"http:\/\/dx.doi.org\/ 10.1007\/s11051-013-1574-9\" target=\"_blank\" rel=\"noopener\">Moller,&nbsp;W. &#8211; Gibson,&nbsp;N. &#8211; Geiser,&nbsp;M. &#8211; Pokhrel,&nbsp;S. &#8211; Wenk,&nbsp;A. &#8211; et&nbsp;al.: Gold nanoparticle aerosols for rodent inhalation and translocation studies. <i>Journal of Nanoparticle Research<\/i>. 2013, vol.&nbsp;15, no.&nbsp;4, art.&nbsp;no.&nbsp;1574, p.&nbsp;1-13. ISSN&nbsp;1388-0764.<\/a><\/p>\n<\/li>\n\n\n\n<li>\n<p style=\"text-align: justify;\"><a href=\"http:\/\/dx.doi.org\/10.1016\/j.apradiso.2012.11.012\" target=\"_blank\" rel=\"noopener\">Abbas,&nbsp;K. &#8211; Simonelli,&nbsp;F. &#8211; Holzwarth,&nbsp;U. &#8211; Cydzik,&nbsp;I. &#8211; Bulgheroni,&nbsp;A. &#8211; et&nbsp;al.: Feasibility study of production of radioactive carbon black or carbon nanotubes in cyclotron facilities for nanobioscience applications. <i>Applied Radiation and Isotopes<\/i>. 2013, vol.&nbsp;73, p.&nbsp;44-48. ISSN&nbsp;0969-8043.<\/a><\/p>\n<\/li>\n\n\n\n<li>\n<p style=\"text-align: justify;\"><a href=\"http:\/\/dx.doi.org\/10.1007\/s10967-013-2533-8\" target=\"_blank\" rel=\"noopener\">Vlk,&nbsp;M. &#8211; \u0160arek,&nbsp;J. &#8211; Urban,&nbsp;M. &#8211; Elbert,&nbsp;T.: Synthesis of selectively deuterated and tritiated lupane derivatives with cytotoxic activity. <i>Journal of Radioanalytical and Nuclear Chemistry<\/i>. 2013, vol.&nbsp;298, no.&nbsp;2, p.&nbsp;1149-1157. ISSN&nbsp;0236-5731.<\/a><\/p>\n<\/li>\n\n\n\n<li>\n<p style=\"text-align: justify;\"><a href=\"http:\/\/dx.doi.org\/ 10.1016\/j.radmeas.2013.01.053\" target=\"_blank\" rel=\"noopener\">Gbur,&nbsp;T. &#8211; Vlk,&nbsp;M. &#8211; \u010cuba,&nbsp;V. &#8211; Beitlerov\u00e1,&nbsp;A. &#8211; Nikl,&nbsp;M.: Preparation and luminescent properties of ZnO:Ga(La)\/polymer nanocomposite. <i>Radiation Measurements<\/i>. 2013, no.&nbsp;56, p.&nbsp;102-106. ISSN&nbsp;1350-4487.<\/a><\/p>\n<\/li>\n<\/ol>\n\n\n\n<\/div><!--.column[data-col=\"1\"]--><\/div><!--.row[data-cols=\"1\"]--><p><\/p>","protected":false},"excerpt":{"rendered":"<p>2020 2019 2018 2017 2016 2015 2014 2013<\/p>\n<p> <a class=\"continue-reading-link\" href=\"https:\/\/kozempel.cz\/en\/publikace\/\"><span>Pokra\u010dovat ve \u010dten\u00ed<\/span><i class=\"crycon-right-dir\"><\/i><\/a> <\/p>\n","protected":false},"author":3,"featured_media":0,"parent":0,"menu_order":0,"comment_status":"closed","ping_status":"closed","template":"","meta":[],"_links":{"self":[{"href":"https:\/\/kozempel.cz\/en\/wp-json\/wp\/v2\/pages\/268"}],"collection":[{"href":"https:\/\/kozempel.cz\/en\/wp-json\/wp\/v2\/pages"}],"about":[{"href":"https:\/\/kozempel.cz\/en\/wp-json\/wp\/v2\/types\/page"}],"author":[{"embeddable":true,"href":"https:\/\/kozempel.cz\/en\/wp-json\/wp\/v2\/users\/3"}],"replies":[{"embeddable":true,"href":"https:\/\/kozempel.cz\/en\/wp-json\/wp\/v2\/comments?post=268"}],"version-history":[{"count":84,"href":"https:\/\/kozempel.cz\/en\/wp-json\/wp\/v2\/pages\/268\/revisions"}],"predecessor-version":[{"id":883,"href":"https:\/\/kozempel.cz\/en\/wp-json\/wp\/v2\/pages\/268\/revisions\/883"}],"wp:attachment":[{"href":"https:\/\/kozempel.cz\/en\/wp-json\/wp\/v2\/media?parent=268"}],"curies":[{"name":"wp","href":"https:\/\/api.w.org\/{rel}","templated":true}]}}