{"id":92,"date":"2016-01-20T23:40:46","date_gmt":"2016-01-20T23:40:46","guid":{"rendered":"http:\/\/kozempel.cz\/?page_id=92"},"modified":"2025-06-19T15:49:55","modified_gmt":"2025-06-19T14:49:55","slug":"o-nas","status":"publish","type":"page","link":"https:\/\/kozempel.cz\/en\/o-nas\/","title":{"rendered":"About Us"},"content":{"rendered":"<p><div class=\"row\" data-cols=\"1\"><div class=\"column\" data-col=\"1\"><\/p>\n<p><a href=\"http:\/\/kozempel.cz\/wp-content\/uploads\/2016\/01\/298E-3005.jpg\"><img decoding=\"async\" loading=\"lazy\" class=\"aligncenter wp-image-93 size-large\" src=\"http:\/\/kozempel.cz\/wp-content\/uploads\/2016\/01\/298E-3005-1024x683.jpg\" alt=\"298E-3005\" width=\"900\" height=\"600\" srcset=\"https:\/\/kozempel.cz\/wp-content\/uploads\/2016\/01\/298E-3005-1024x683.jpg 1024w, https:\/\/kozempel.cz\/wp-content\/uploads\/2016\/01\/298E-3005-300x200.jpg 300w, https:\/\/kozempel.cz\/wp-content\/uploads\/2016\/01\/298E-3005-768x512.jpg 768w, https:\/\/kozempel.cz\/wp-content\/uploads\/2016\/01\/298E-3005-225x150.jpg 225w, https:\/\/kozempel.cz\/wp-content\/uploads\/2016\/01\/298E-3005-150x100.jpg 150w, https:\/\/kozempel.cz\/wp-content\/uploads\/2016\/01\/298E-3005.jpg 1920w\" sizes=\"(max-width: 900px) 100vw, 900px\" \/><\/a><\/p>\n<\/div><!--.column[data-col=\"1\"]--><\/div><!--.row[data-cols=\"1\"]--><div class=\"row\" data-cols=\"1\"><div class=\"column\" data-col=\"1\">\n<p style=\"text-align: justify;\">Eventhough the chemistry of labelled compounds and general interest in\u00a0radiopharmacy have long tradition in the Czech republic, the education in these fields was held only at the Department of Organic and Nuclear Chemistry\u00a0of the Faculty of Sciences of the Charles University in Prague. Later, the education in\u00a0these fields transferred\u00a0to the <a href=\"https:\/\/jaderna-chemie.cz\/en\/\">Department of Nuclear Chemistry\u00a0of the\u00a0Faculty of Nuclear Sciences and Physical Engineering of the Czech Technical University in Prague<\/a>. Independent research group focused in\u00a0the\u00a0main topic of\u00a0radiopharmaceutical chemistry was founded by\u00a0RNDr. J. Kozempel, Ph.D. starting on \u00a01. January 2013, together with RNDr. M. Vlk, Ph.D., who was\u00a0previously a member of the\u00a0separation chemistry group at the same department\u00a0(both graduated\u00a0at the Faculty of Sciences of the Charles University in\u00a0Prague\u00a0under supervision of Doc. RNDr. Ladislav Le\u0161etick\u00fd, CSc.<sup>+<\/sup>). During the\u00a02013 the new laboratory of radiopharmaceutical chemistry opened in a\u00a0rebuilt space and starting from this year, many laboratory instruments and equipment were acquired. The key equipment is located in class I. and II.\u00a0laboratories allowing\u00a0the handling of\u00a0the\u00a0radioactive sources\u00a0(license of the Czech Nuclear authority No.:\u00a0<a href=\"http:\/\/www.sujb.cz\/ireg\/publ\/detail_rzh.jsp?rozhod_id=38435&amp;stranka=0&amp;rzh_platne=platne&amp;datpohl=20.2.2016&amp;query_id=3&amp;cj=&amp;datvydani_od=&amp;datvydani_do=&amp;datplatnosti_od=&amp;datplatnosti_do=&amp;rok=&amp;start=0&amp;zaskrt_kody=11000000000\" target=\"_blank\" rel=\"noopener\">25408\/2007<\/a>). Further\u00a0equipment includes:<\/p>\n<div id=\"generated\" style=\"text-align: justify;\">\n<div id=\"generated_padding\">\n<ul>\n<li>FT-IR spectrometer <a href=\"http:\/\/www.thermoscientific.com\/en\/product\/nicolet-is-50-ft-ir-spectrometer.html\" target=\"_blank\" rel=\"noopener\">Thermo-Nicolet iS50<\/a><\/li>\n<li>HRMS with collision cell\u00a0<a href=\"http:\/\/planetorbitrap.com\/\" target=\"_blank\" rel=\"noopener\">Thermo Exactive HCD<\/a>\u00a0equipped with APCI and ESI ion-sources<\/li>\n<li>single-qadrupole LC-MS system Finnigan SSQ 7000<\/li>\n<li>radiometric detectors (\u03b1 and \u03b3 spectrometry\u00a0Ortec, ionization chamber\u00a0<a href=\"http:\/\/www.capintec.com\/product\/crc-55tw-dose-calibratorwell-counter\/\" target=\"_blank\" rel=\"noopener\">Capintec CRC-55tW<\/a> A<sub>max.<\/sub> = 250 GBq)<\/li>\n<li>laboratory microbalances <a href=\"https:\/\/www.sartorius.com\/en\/product\/product-detail\/me36s-0ce\/\" target=\"_blank\" rel=\"noopener\">Sartorius ME36S &#8211; 0CE<\/a> (d<sub>min.<\/sub> = 1\u00a0\u03bcg)<\/li>\n<\/ul>\n<p style=\"text-align: justify;\">From the early begginning of\u00a0our activities,\u00a0our group is mainly financed from various competitive sources\u00a0 &#8211; See page our <a href=\"http:\/\/kozempel.cz\/sample-page\/\">projects<\/a>. We are also thankfull for\u00a0the support received from our sponsors\u00a0and supporters:<\/p>\n<ul>\n<li style=\"text-align: justify;\">Flori\u00e1n Ove\u010dka Kovov\u00fdroba, Un\u00edn, SR<\/li>\n<li style=\"text-align: justify;\">Thermo Fisher, s.r.o., Czech Republic<\/li>\n<li style=\"text-align: justify;\">Nicolet, s.r.o., Czech Republic<\/li>\n<li style=\"text-align: justify;\">Sartalex, s.r.o., Czech Republic<\/li>\n<li style=\"text-align: justify;\">Envinet a.s., Czech Republic<\/li>\n<\/ul>\n<\/div>\n<\/div>\n<div id=\"footer\" style=\"text-align: justify;\"><\/div>\n<\/div><!--.column[data-col=\"1\"]--><\/div><!--.row[data-cols=\"1\"]--><p><\/p>","protected":false},"excerpt":{"rendered":"<p>Eventhough the chemistry of labelled compounds and general interest in\u00a0radiopharmacy have long tradition in the Czech republic, the education in these fields was held only at the Department of Organic and Nuclear Chemistry\u00a0of the Faculty of Sciences of the Charles University in Prague. Later, the education in\u00a0these fields transferred\u00a0to the\u2026<\/p>\n<p> <a class=\"continue-reading-link\" href=\"https:\/\/kozempel.cz\/en\/o-nas\/\"><span>Pokra\u010dovat ve \u010dten\u00ed<\/span><i class=\"crycon-right-dir\"><\/i><\/a> <\/p>\n","protected":false},"author":3,"featured_media":0,"parent":0,"menu_order":0,"comment_status":"closed","ping_status":"closed","template":"","meta":[],"_links":{"self":[{"href":"https:\/\/kozempel.cz\/en\/wp-json\/wp\/v2\/pages\/92"}],"collection":[{"href":"https:\/\/kozempel.cz\/en\/wp-json\/wp\/v2\/pages"}],"about":[{"href":"https:\/\/kozempel.cz\/en\/wp-json\/wp\/v2\/types\/page"}],"author":[{"embeddable":true,"href":"https:\/\/kozempel.cz\/en\/wp-json\/wp\/v2\/users\/3"}],"replies":[{"embeddable":true,"href":"https:\/\/kozempel.cz\/en\/wp-json\/wp\/v2\/comments?post=92"}],"version-history":[{"count":28,"href":"https:\/\/kozempel.cz\/en\/wp-json\/wp\/v2\/pages\/92\/revisions"}],"predecessor-version":[{"id":792,"href":"https:\/\/kozempel.cz\/en\/wp-json\/wp\/v2\/pages\/92\/revisions\/792"}],"wp:attachment":[{"href":"https:\/\/kozempel.cz\/en\/wp-json\/wp\/v2\/media?parent=92"}],"curies":[{"name":"wp","href":"https:\/\/api.w.org\/{rel}","templated":true}]}}